{"id":285,"date":"2022-03-23T09:48:22","date_gmt":"2022-03-23T08:48:22","guid":{"rendered":"https:\/\/anwalt-barcelona.es\/?page_id=285"},"modified":"2024-06-20T11:31:47","modified_gmt":"2024-06-20T09:31:47","slug":"derecho-inmobiliario-en-espana","status":"publish","type":"page","link":"https:\/\/anwalt-barcelona.es\/es\/derecho-inmobiliario-en-espana\/","title":{"rendered":"Derecho inmobiliario en Espa\u00f1a"},"content":{"rendered":"\t\t<div data-elementor-type=\"wp-page\" data-elementor-id=\"285\" class=\"elementor elementor-285\" data-elementor-post-type=\"page\">\n\t\t\t\t\t\t<section class=\"elementor-section elementor-top-section elementor-element elementor-element-4b4ac33d elementor-section-boxed elementor-section-height-default elementor-section-height-default\" data-id=\"4b4ac33d\" data-element_type=\"section\" data-settings=\"{&quot;background_background&quot;:&quot;classic&quot;}\">\n\t\t\t\t\t\t\t<div class=\"elementor-background-overlay\"><\/div>\n\t\t\t\t\t\t\t<div class=\"elementor-container elementor-column-gap-extended\">\n\t\t\t\t\t<div class=\"elementor-column elementor-col-100 elementor-top-column elementor-element elementor-element-5fff1596\" data-id=\"5fff1596\" data-element_type=\"column\">\n\t\t\t<div class=\"elementor-widget-wrap elementor-element-populated\">\n\t\t\t\t\t\t<div class=\"elementor-element elementor-element-3f0bde9b elementor-widget elementor-widget-heading\" data-id=\"3f0bde9b\" data-element_type=\"widget\" data-widget_type=\"heading.default\">\n\t\t\t\t<div class=\"elementor-widget-container\">\n\t\t\t\t\t<h1 class=\"elementor-heading-title elementor-size-default\">Immobilienrecht in Spanien<\/h1>\t\t\t\t<\/div>\n\t\t\t\t<\/div>\n\t\t\t\t\t<\/div>\n\t\t<\/div>\n\t\t\t\t\t<\/div>\n\t\t<\/section>\n\t\t\t\t<section class=\"elementor-section elementor-top-section elementor-element elementor-element-5f181826 elementor-section-boxed elementor-section-height-default elementor-section-height-default\" data-id=\"5f181826\" data-element_type=\"section\">\n\t\t\t\t\t\t<div class=\"elementor-container elementor-column-gap-extended\">\n\t\t\t\t\t<div class=\"elementor-column elementor-col-50 elementor-top-column elementor-element elementor-element-2f127126\" data-id=\"2f127126\" data-element_type=\"column\">\n\t\t\t<div class=\"elementor-widget-wrap elementor-element-populated\">\n\t\t\t\t\t\t<div class=\"elementor-element elementor-element-15ce010 elementor-widget elementor-widget-image\" data-id=\"15ce010\" data-element_type=\"widget\" data-widget_type=\"image.default\">\n\t\t\t\t<div class=\"elementor-widget-container\">\n\t\t\t\t\t\t\t\t\t\t\t\t\t\t\t<img fetchpriority=\"high\" decoding=\"async\" width=\"400\" height=\"281\" src=\"https:\/\/anwalt-barcelona.es\/wp-content\/uploads\/barcelona_cityscape_resized_to_gran_canaria.jpg\" class=\"attachment-full size-full wp-image-1417\" alt=\"\" \/>\t\t\t\t\t\t\t\t\t\t\t\t\t\t\t<\/div>\n\t\t\t\t<\/div>\n\t\t\t\t\t<\/div>\n\t\t<\/div>\n\t\t\t\t<div class=\"elementor-column elementor-col-50 elementor-top-column elementor-element elementor-element-67a0051\" data-id=\"67a0051\" data-element_type=\"column\">\n\t\t\t<div class=\"elementor-widget-wrap elementor-element-populated\">\n\t\t\t\t\t\t<div class=\"elementor-element elementor-element-3884111 elementor-widget elementor-widget-text-editor\" data-id=\"3884111\" data-element_type=\"widget\" data-widget_type=\"text-editor.default\">\n\t\t\t\t<div class=\"elementor-widget-container\">\n\t\t\t\t\t\t\t\t\t<ul>\n \t<li><a href=\"https:\/\/anwalt-marbella.com\/wp-content\/uploads\/pdf\/plusvalia-verfassungswidrig-teil-1.pdf\" target=\"_blank\" rel=\"noopener\">Plusval\u00eda verfassungswidrig. Teil 1<\/a><\/li>\n \t<li><a href=\"https:\/\/anwalt-marbella.com\/wp-content\/uploads\/pdf\/plusvalia-verfassungswidrig-teil-2.pdf\" target=\"_blank\" rel=\"noopener\">Plusval\u00eda verfassungswidrig. Teil 2<\/a><\/li>\n \t<li><a href=\"https:\/\/anwalt-marbella.com\/wp-content\/uploads\/pdf\/Bericht-Fruhbeck-Besteuerung-von-Immobilien-Geschaften-040321.pdf\" target=\"_blank\" rel=\"noopener\">Besteuerung von Immobilien-Gesch\u00e4ften<\/a><\/li>\n \t<li><a href=\"https:\/\/anwalt-marbella.com\/wp-content\/uploads\/pdf\/Bericht-Fruhbeck-Immobilienerwerb-in-Spanien-kompakt-010421.pdf\" target=\"_blank\" rel=\"noopener\">Immobilienerwerb in Spanien kompakt<\/a><\/li>\n \t<li><a href=\"https:\/\/anwalt-marbella.com\/wp-content\/uploads\/pdf\/FB-Immobilienkauf-Teil-1.pdf\" target=\"_blank\" rel=\"noopener\">Immobilienkauf in Spanien, Teil I<\/a><\/li>\n \t<li><a href=\"https:\/\/anwalt-marbella.com\/wp-content\/uploads\/pdf\/FB-Immobilienkauf-Teil-2.pdf\" target=\"_blank\" rel=\"noopener\">Immobilienkauf in Spanien, Teil II<\/a><\/li>\n \t<li><a href=\"https:\/\/anwalt-marbella.com\/wp-content\/uploads\/pdf\/FB-Immobilienkauf-Teil-3.pdf\" target=\"_blank\" rel=\"noopener\">Immobilienkauf in Spanien, Teil III<\/a><\/li>\n \t<li><a href=\"https:\/\/anwalt-marbella.com\/wp-content\/uploads\/pdf\/FB-Immobilienkauf-Teil-4.pdf\" target=\"_blank\" rel=\"noopener\">Immobilienkauf in Spanien, Teil IV<\/a><\/li>\n \t<li><a href=\"https:\/\/anwalt-marbella.com\/wp-content\/uploads\/pdf\/FB-Immobilienkauf-Teil-5.pdf\" target=\"_blank\" rel=\"noopener\">Immobilienkauf in Spanien, Teil V<\/a><\/li>\n \t<li><a href=\"https:\/\/anwalt-barcelona.es\/wp-content\/uploads\/pdf\/plusvalia-020317.pdf\" target=\"_blank\" rel=\"noopener\">Wann die Plusval\u00eda rechtswidrig ist<\/a><\/li>\n<\/ul>\t\t\t\t\t\t\t\t<\/div>\n\t\t\t\t<\/div>\n\t\t\t\t\t<\/div>\n\t\t<\/div>\n\t\t\t\t\t<\/div>\n\t\t<\/section>\n\t\t\t\t<\/div>\n\t\t","protected":false},"excerpt":{"rendered":"<p>Immobilienrecht in Spanien Plusval\u00eda verfassungswidrig. Teil 1 Plusval\u00eda verfassungswidrig. Teil 2 Besteuerung von Immobilien-Gesch\u00e4ften Immobilienerwerb in Spanien kompakt Immobilienkauf in Spanien, Teil I Immobilienkauf in Spanien, Teil II Immobilienkauf in Spanien, Teil III Immobilienkauf in Spanien, Teil IV Immobilienkauf in Spanien, Teil V Wann die Plusval\u00eda rechtswidrig ist<\/p>\n","protected":false},"author":4,"featured_media":0,"parent":0,"menu_order":0,"comment_status":"closed","ping_status":"closed","template":"elementor_header_footer","meta":{"footnotes":""},"class_list":["post-285","page","type-page","status-publish","hentry"],"_links":{"self":[{"href":"https:\/\/anwalt-barcelona.es\/es\/wp-json\/wp\/v2\/pages\/285","targetHints":{"allow":["GET"]}}],"collection":[{"href":"https:\/\/anwalt-barcelona.es\/es\/wp-json\/wp\/v2\/pages"}],"about":[{"href":"https:\/\/anwalt-barcelona.es\/es\/wp-json\/wp\/v2\/types\/page"}],"author":[{"embeddable":true,"href":"https:\/\/anwalt-barcelona.es\/es\/wp-json\/wp\/v2\/users\/4"}],"replies":[{"embeddable":true,"href":"https:\/\/anwalt-barcelona.es\/es\/wp-json\/wp\/v2\/comments?post=285"}],"version-history":[{"count":23,"href":"https:\/\/anwalt-barcelona.es\/es\/wp-json\/wp\/v2\/pages\/285\/revisions"}],"predecessor-version":[{"id":1485,"href":"https:\/\/anwalt-barcelona.es\/es\/wp-json\/wp\/v2\/pages\/285\/revisions\/1485"}],"wp:attachment":[{"href":"https:\/\/anwalt-barcelona.es\/es\/wp-json\/wp\/v2\/media?parent=285"}],"curies":[{"name":"wp","href":"https:\/\/api.w.org\/{rel}","templated":true}]}}